{"id":112,"date":"2022-06-05T19:20:00","date_gmt":"2022-06-05T19:20:00","guid":{"rendered":"http:\/\/bestattungen-schuett.de\/?page_id=112"},"modified":"2024-09-12T18:24:26","modified_gmt":"2024-09-12T18:24:26","slug":"vorsorge","status":"publish","type":"page","link":"https:\/\/bestattungen-schuett.de\/en\/vorsorge\/","title":{"rendered":"Precaution"},"content":{"rendered":"<div data-elementor-type=\"wp-page\" data-elementor-id=\"112\" class=\"elementor elementor-112\" data-elementor-post-type=\"page\">\n\t\t\t\t\t\t<section class=\"elementor-section elementor-top-section elementor-element elementor-element-5233e9ee elementor-section-content-middle elementor-section-boxed elementor-section-height-default elementor-section-height-default\" data-id=\"5233e9ee\" data-element_type=\"section\" data-e-type=\"section\" data-settings=\"{&quot;background_background&quot;:&quot;classic&quot;}\">\n\t\t\t\t\t\t<div class=\"elementor-container elementor-column-gap-no\">\n\t\t\t\t\t<div class=\"elementor-column elementor-col-33 elementor-top-column elementor-element elementor-element-74752603\" data-id=\"74752603\" data-element_type=\"column\" data-e-type=\"column\">\n\t\t\t<div class=\"elementor-widget-wrap elementor-element-populated\">\n\t\t\t\t\t\t<div class=\"elementor-element elementor-element-43b6d696 elementor-widget elementor-widget-heading\" data-id=\"43b6d696\" data-element_type=\"widget\" data-e-type=\"widget\" data-widget_type=\"heading.default\">\n\t\t\t\t<div class=\"elementor-widget-container\">\n\t\t\t\t\t<h3 class=\"elementor-heading-title elementor-size-default\">Precaution<\/h3>\t\t\t\t<\/div>\n\t\t\t\t<\/div>\n\t\t\t\t<div class=\"elementor-element elementor-element-07e3113 elementor-widget elementor-widget-text-editor\" data-id=\"07e3113\" data-element_type=\"widget\" data-e-type=\"widget\" data-widget_type=\"text-editor.default\">\n\t\t\t\t<div class=\"elementor-widget-container\">\n\t\t\t\t\t\t\t\t\t<span data-offset-key=\"eqm3f-0-0\">Talking about death <br>has never killed anyone.<\/span>\t\t\t\t\t\t\t\t<\/div>\n\t\t\t\t<\/div>\n\t\t\t\t<div class=\"elementor-element elementor-element-5c7f6840 elementor-widget-divider--view-line elementor-widget elementor-widget-divider\" data-id=\"5c7f6840\" data-element_type=\"widget\" data-e-type=\"widget\" data-widget_type=\"divider.default\">\n\t\t\t\t<div class=\"elementor-widget-container\">\n\t\t\t\t\t\t\t<div class=\"elementor-divider\">\n\t\t\t<span class=\"elementor-divider-separator\">\n\t\t\t\t\t\t<\/span>\n\t\t<\/div>\n\t\t\t\t\t\t<\/div>\n\t\t\t\t<\/div>\n\t\t\t\t<div class=\"elementor-element elementor-element-f3a06b0 elementor-widget__width-auto elementor-align-left elementor-widget elementor-widget-button\" data-id=\"f3a06b0\" data-element_type=\"widget\" data-e-type=\"widget\" data-widget_type=\"button.default\">\n\t\t\t\t<div class=\"elementor-widget-container\">\n\t\t\t\t\t\t\t\t\t<div class=\"elementor-button-wrapper\">\n\t\t\t\t\t<a class=\"elementor-button elementor-button-link elementor-size-xs\" href=\"https:\/\/bestattungen-schuett.de\/en\/contact-us\/\">\n\t\t\t\t\t\t<span class=\"elementor-button-content-wrapper\">\n\t\t\t\t\t\t\t\t\t<span class=\"elementor-button-text\">Here you can reach us<\/span>\n\t\t\t\t\t<\/span>\n\t\t\t\t\t<\/a>\n\t\t\t\t<\/div>\n\t\t\t\t\t\t\t\t<\/div>\n\t\t\t\t<\/div>\n\t\t\t\t\t<\/div>\n\t\t<\/div>\n\t\t\t\t<div class=\"elementor-column elementor-col-33 elementor-top-column elementor-element elementor-element-638e392\" data-id=\"638e392\" data-element_type=\"column\" data-e-type=\"column\">\n\t\t\t<div class=\"elementor-widget-wrap elementor-element-populated\">\n\t\t\t\t\t\t<div class=\"elementor-element elementor-element-6e352775 elementor-widget elementor-widget-text-editor\" data-id=\"6e352775\" data-element_type=\"widget\" data-e-type=\"widget\" data-widget_type=\"text-editor.default\">\n\t\t\t\t<div class=\"elementor-widget-container\">\n\t\t\t\t\t\t\t\t\t<p>Making provisions is not only important for yourself, but also to relieve your loved ones of a great burden and difficult decisions. By clarifying important decisions and financial issues in advance, you enable your loved ones to concentrate fully on their feelings during the grieving period. We will be happy to advise you on all topics relating to your provisions.<\/p>\t\t\t\t\t\t\t\t<\/div>\n\t\t\t\t<\/div>\n\t\t\t\t\t<\/div>\n\t\t<\/div>\n\t\t\t\t<div class=\"elementor-column elementor-col-33 elementor-top-column elementor-element elementor-element-3f1177ef\" data-id=\"3f1177ef\" data-element_type=\"column\" data-e-type=\"column\">\n\t\t\t<div class=\"elementor-widget-wrap elementor-element-populated\">\n\t\t\t\t\t\t<div class=\"elementor-element elementor-element-2995f0c1 elementor-widget elementor-widget-image\" data-id=\"2995f0c1\" data-element_type=\"widget\" data-e-type=\"widget\" data-widget_type=\"image.default\">\n\t\t\t\t<div class=\"elementor-widget-container\">\n\t\t\t\t\t\t\t\t\t\t\t\t\t\t\t<img fetchpriority=\"high\" decoding=\"async\" width=\"1707\" height=\"2560\" src=\"https:\/\/bestattungen-schuett.de\/wp-content\/uploads\/luana-azevedo-2X0Set_oSh8-unsplash-scaled-1.webp\" class=\"attachment-full size-full wp-image-2041\" alt=\"\" srcset=\"https:\/\/bestattungen-schuett.de\/wp-content\/uploads\/luana-azevedo-2X0Set_oSh8-unsplash-scaled-1.webp 1707w, https:\/\/bestattungen-schuett.de\/wp-content\/uploads\/luana-azevedo-2X0Set_oSh8-unsplash-scaled-1-200x300.webp 200w, https:\/\/bestattungen-schuett.de\/wp-content\/uploads\/luana-azevedo-2X0Set_oSh8-unsplash-scaled-1-683x1024.webp 683w, https:\/\/bestattungen-schuett.de\/wp-content\/uploads\/luana-azevedo-2X0Set_oSh8-unsplash-scaled-1-768x1152.webp 768w, https:\/\/bestattungen-schuett.de\/wp-content\/uploads\/luana-azevedo-2X0Set_oSh8-unsplash-scaled-1-1024x1536.webp 1024w, https:\/\/bestattungen-schuett.de\/wp-content\/uploads\/luana-azevedo-2X0Set_oSh8-unsplash-scaled-1-1366x2048.webp 1366w, https:\/\/bestattungen-schuett.de\/wp-content\/uploads\/luana-azevedo-2X0Set_oSh8-unsplash-scaled-1-8x12.webp 8w, https:\/\/bestattungen-schuett.de\/wp-content\/uploads\/luana-azevedo-2X0Set_oSh8-unsplash-scaled-1-1568x2352.webp 1568w\" sizes=\"(max-width: 1707px) 100vw, 1707px\" style=\"width:100%;height:149.97%;max-width:1707px\" \/>\t\t\t\t\t\t\t\t\t\t\t\t\t\t\t<\/div>\n\t\t\t\t<\/div>\n\t\t\t\t<div class=\"elementor-element elementor-element-579eef2 elementor-widget elementor-widget-text-editor\" data-id=\"579eef2\" data-element_type=\"widget\" data-e-type=\"widget\" data-widget_type=\"text-editor.default\">\n\t\t\t\t<div class=\"elementor-widget-container\">\n\t\t\t\t\t\t\t\t\t<p>Arrange a non-binding appointment.<\/p>\t\t\t\t\t\t\t\t<\/div>\n\t\t\t\t<\/div>\n\t\t\t\t\t<\/div>\n\t\t<\/div>\n\t\t\t\t\t<\/div>\n\t\t<\/section>\n\t\t\t\t<\/div>","protected":false},"excerpt":{"rendered":"<p>Vorsorge \u00dcber den Tod reden hat noch niemanden umgebracht. Hier erreichen Sie uns Vorsorge ist nicht nur f\u00fcr Sie selbst wichtig, sondern auch, um Ihren Angeh\u00f6rigen eine gro\u00dfe Last und&hellip; <a class=\"more-link\" href=\"https:\/\/bestattungen-schuett.de\/en\/vorsorge\/\">Continue reading <span class=\"screen-reader-text\">Precaution<\/span><\/a><\/p>","protected":false},"author":1,"featured_media":0,"parent":0,"menu_order":0,"comment_status":"closed","ping_status":"closed","template":"elementor_header_footer","meta":{"footnotes":""},"class_list":["post-112","page","type-page","status-publish","hentry","entry"],"_links":{"self":[{"href":"https:\/\/bestattungen-schuett.de\/en\/wp-json\/wp\/v2\/pages\/112","targetHints":{"allow":["GET"]}}],"collection":[{"href":"https:\/\/bestattungen-schuett.de\/en\/wp-json\/wp\/v2\/pages"}],"about":[{"href":"https:\/\/bestattungen-schuett.de\/en\/wp-json\/wp\/v2\/types\/page"}],"author":[{"embeddable":true,"href":"https:\/\/bestattungen-schuett.de\/en\/wp-json\/wp\/v2\/users\/1"}],"replies":[{"embeddable":true,"href":"https:\/\/bestattungen-schuett.de\/en\/wp-json\/wp\/v2\/comments?post=112"}],"version-history":[{"count":124,"href":"https:\/\/bestattungen-schuett.de\/en\/wp-json\/wp\/v2\/pages\/112\/revisions"}],"predecessor-version":[{"id":2044,"href":"https:\/\/bestattungen-schuett.de\/en\/wp-json\/wp\/v2\/pages\/112\/revisions\/2044"}],"wp:attachment":[{"href":"https:\/\/bestattungen-schuett.de\/en\/wp-json\/wp\/v2\/media?parent=112"}],"curies":[{"name":"wp","href":"https:\/\/api.w.org\/{rel}","templated":true}]}}