{"id":1660,"date":"2024-05-08T10:21:17","date_gmt":"2024-05-08T10:21:17","guid":{"rendered":"https:\/\/bestattungen-schuett.de\/?page_id=1660"},"modified":"2024-08-16T16:18:04","modified_gmt":"2024-08-16T16:18:04","slug":"online-services","status":"publish","type":"page","link":"https:\/\/bestattungen-schuett.de\/en\/online-services\/","title":{"rendered":"Online-Services"},"content":{"rendered":"<div data-elementor-type=\"wp-page\" data-elementor-id=\"1660\" class=\"elementor elementor-1660\" data-elementor-post-type=\"page\">\n\t\t\t\t\t\t<section class=\"elementor-section elementor-top-section elementor-element elementor-element-5c7bcca elementor-section-boxed elementor-section-height-default elementor-section-height-default\" data-id=\"5c7bcca\" data-element_type=\"section\" data-e-type=\"section\">\n\t\t\t\t\t\t\t<div class=\"elementor-background-overlay\"><\/div>\n\t\t\t\t\t\t\t<div class=\"elementor-container elementor-column-gap-default\">\n\t\t\t\t\t<div class=\"elementor-column elementor-col-100 elementor-top-column elementor-element elementor-element-cbffb8f\" data-id=\"cbffb8f\" data-element_type=\"column\" data-e-type=\"column\">\n\t\t\t<div class=\"elementor-widget-wrap elementor-element-populated\">\n\t\t\t\t\t\t<div class=\"elementor-element elementor-element-ad265cf elementor-widget elementor-widget-text-editor\" data-id=\"ad265cf\" data-element_type=\"widget\" data-e-type=\"widget\" data-widget_type=\"text-editor.default\">\n\t\t\t\t<div class=\"elementor-widget-container\">\n\t\t\t\t\t\t\t\t\t<h2>Helpful online services in the event of bereavement<\/h2><p>We are not only there for you personally, but also support you<br \/>online around the clock in our digital customer centre.<br \/>Here you can arrange many important things in the event of bereavement at the click of a mouse,<br \/>preserve memories of the deceased, coordinate your funeral stationery with us, including recipient lists, and organise your<br \/>personal choice of music for the funeral service. To<br \/>at any time, from the comfort of your own home.<br \/>Log in now!<br \/>If you do not yet have any login data, simply contact us -<br \/>We will send you an e-mail for registration.<\/p>\t\t\t\t\t\t\t\t<\/div>\n\t\t\t\t<\/div>\n\t\t\t\t<div class=\"elementor-element elementor-element-6cd66cb elementor-widget elementor-widget-button\" data-id=\"6cd66cb\" data-element_type=\"widget\" data-e-type=\"widget\" data-widget_type=\"button.default\">\n\t\t\t\t<div class=\"elementor-widget-container\">\n\t\t\t\t\t\t\t\t\t<div class=\"elementor-button-wrapper\">\n\t\t\t\t\t<a class=\"elementor-button elementor-button-link elementor-size-sm\" href=\"https:\/\/mein-kunden.center\/login\" target=\"_blank\">\n\t\t\t\t\t\t<span class=\"elementor-button-content-wrapper\">\n\t\t\t\t\t\t\t\t\t<span class=\"elementor-button-text\">Login customer centre<\/span>\n\t\t\t\t\t<\/span>\n\t\t\t\t\t<\/a>\n\t\t\t\t<\/div>\n\t\t\t\t\t\t\t\t<\/div>\n\t\t\t\t<\/div>\n\t\t\t\t<div class=\"elementor-element elementor-element-206353b elementor-widget__width-initial elementor-widget elementor-widget-text-editor\" data-id=\"206353b\" data-element_type=\"widget\" data-e-type=\"widget\" data-widget_type=\"text-editor.default\">\n\t\t\t\t<div class=\"elementor-widget-container\">\n\t\t\t\t\t\t\t\t\t<p>\u00a0<\/p><p><strong>Free memorial page<\/strong><br \/>Grieving together, remembering and revisiting a past life<br \/>honour in many different ways.<\/p><p><strong>Personal deregistration assistant<\/strong><br \/>A whole year of insurance cancellations and changes,<br \/>Simply manage subscriptions, online accounts &amp; co. online.<\/p><p><strong>Photo book software \u2018The memory book\u2019<\/strong><br \/>Create a photo book with family and friends as a unique memento of your holiday.<br \/>design for the deceased.<\/p><p><strong>Simple mourning print coordination<\/strong><br \/>Whether it's an obituary, acknowledgement or funeral letter - your printed matter<br \/>conveniently coordinate with us and even create recipient lists and<br \/>transmit.<\/p><p><strong>Funeral service music<\/strong><br \/>Browse through a large music library with playlists, select tracks with a click<br \/>or upload your own songs.<\/p>\t\t\t\t\t\t\t\t<\/div>\n\t\t\t\t<\/div>\n\t\t\t\t<div class=\"elementor-element elementor-element-f455d63 elementor-widget elementor-widget-image\" data-id=\"f455d63\" data-element_type=\"widget\" data-e-type=\"widget\" data-widget_type=\"image.default\">\n\t\t\t\t<div class=\"elementor-widget-container\">\n\t\t\t\t\t\t\t\t\t\t\t\t\t\t\t<img decoding=\"async\" src=\"https:\/\/cdn.bestatterwebtool.de\/img\/online-services-neu.jpg\" title=\"\" alt=\"\" loading=\"lazy\" \/>\t\t\t\t\t\t\t\t\t\t\t\t\t\t\t<\/div>\n\t\t\t\t<\/div>\n\t\t\t\t\t<\/div>\n\t\t<\/div>\n\t\t\t\t\t<\/div>\n\t\t<\/section>\n\t\t\t\t<\/div>","protected":false},"excerpt":{"rendered":"<p>Hilfreiche Online-Services im Trauerfall Wir sind nicht nur pers\u00f6nlich f\u00fcr Sie da, sondern unterst\u00fctzen Sie auchrund um die Uhr online in unserem digitalen Kunden-Center.Hier k\u00f6nnen Sie viele wichtige Dinge im&hellip; <a class=\"more-link\" href=\"https:\/\/bestattungen-schuett.de\/en\/online-services\/\">Continue reading <span class=\"screen-reader-text\">Online-Services<\/span><\/a><\/p>","protected":false},"author":1,"featured_media":0,"parent":0,"menu_order":0,"comment_status":"closed","ping_status":"closed","template":"elementor_header_footer","meta":{"footnotes":""},"class_list":["post-1660","page","type-page","status-publish","hentry","entry"],"_links":{"self":[{"href":"https:\/\/bestattungen-schuett.de\/en\/wp-json\/wp\/v2\/pages\/1660","targetHints":{"allow":["GET"]}}],"collection":[{"href":"https:\/\/bestattungen-schuett.de\/en\/wp-json\/wp\/v2\/pages"}],"about":[{"href":"https:\/\/bestattungen-schuett.de\/en\/wp-json\/wp\/v2\/types\/page"}],"author":[{"embeddable":true,"href":"https:\/\/bestattungen-schuett.de\/en\/wp-json\/wp\/v2\/users\/1"}],"replies":[{"embeddable":true,"href":"https:\/\/bestattungen-schuett.de\/en\/wp-json\/wp\/v2\/comments?post=1660"}],"version-history":[{"count":22,"href":"https:\/\/bestattungen-schuett.de\/en\/wp-json\/wp\/v2\/pages\/1660\/revisions"}],"predecessor-version":[{"id":1837,"href":"https:\/\/bestattungen-schuett.de\/en\/wp-json\/wp\/v2\/pages\/1660\/revisions\/1837"}],"wp:attachment":[{"href":"https:\/\/bestattungen-schuett.de\/en\/wp-json\/wp\/v2\/media?parent=1660"}],"curies":[{"name":"wp","href":"https:\/\/api.w.org\/{rel}","templated":true}]}}